{"id":26,"date":"2023-06-29T15:33:00","date_gmt":"2023-06-29T11:33:00","guid":{"rendered":"https:\/\/sakiform.re\/?page_id=26"},"modified":"2023-08-25T13:52:20","modified_gmt":"2023-08-25T09:52:20","slug":"mentions-legales","status":"publish","type":"page","link":"https:\/\/sakiform.re\/index.php\/mentions-legales\/","title":{"rendered":"Mentions L\u00e9gales"},"content":{"rendered":"\t\t<div data-elementor-type=\"wp-page\" data-elementor-id=\"26\" class=\"elementor elementor-26\">\n\t\t\t\t\t\t\t\t\t<section class=\"elementor-section elementor-top-section elementor-element elementor-element-c7f9dee elementor-section-boxed elementor-section-height-default elementor-section-height-default\" data-id=\"c7f9dee\" data-element_type=\"section\">\n\t\t\t\t\t\t<div class=\"elementor-container elementor-column-gap-default\">\n\t\t\t\t\t<div class=\"elementor-column elementor-col-100 elementor-top-column elementor-element elementor-element-81ee0a9\" data-id=\"81ee0a9\" data-element_type=\"column\">\n\t\t\t<div class=\"elementor-widget-wrap elementor-element-populated\">\n\t\t\t\t\t\t\t\t<div class=\"elementor-element elementor-element-85f1c07 elementor-widget elementor-widget-heading\" data-id=\"85f1c07\" data-element_type=\"widget\" data-widget_type=\"heading.default\">\n\t\t\t\t<div class=\"elementor-widget-container\">\n\t\t\t<style>\/*! elementor - v3.17.0 - 01-11-2023 *\/\n.elementor-heading-title{padding:0;margin:0;line-height:1}.elementor-widget-heading .elementor-heading-title[class*=elementor-size-]>a{color:inherit;font-size:inherit;line-height:inherit}.elementor-widget-heading .elementor-heading-title.elementor-size-small{font-size:15px}.elementor-widget-heading .elementor-heading-title.elementor-size-medium{font-size:19px}.elementor-widget-heading .elementor-heading-title.elementor-size-large{font-size:29px}.elementor-widget-heading .elementor-heading-title.elementor-size-xl{font-size:39px}.elementor-widget-heading .elementor-heading-title.elementor-size-xxl{font-size:59px}<\/style><h2 class=\"elementor-heading-title elementor-size-default\">Mentions et Politiques<\/h2>\t\t<\/div>\n\t\t\t\t<\/div>\n\t\t\t\t\t<\/div>\n\t\t<\/div>\n\t\t\t\t\t\t\t<\/div>\n\t\t<\/section>\n\t\t\t\t<section class=\"elementor-section elementor-top-section elementor-element elementor-element-7cf72ac elementor-section-boxed elementor-section-height-default elementor-section-height-default\" data-id=\"7cf72ac\" data-element_type=\"section\">\n\t\t\t\t\t\t<div class=\"elementor-container elementor-column-gap-default\">\n\t\t\t\t\t<div class=\"elementor-column elementor-col-100 elementor-top-column elementor-element elementor-element-7cbb58b\" data-id=\"7cbb58b\" data-element_type=\"column\">\n\t\t\t<div class=\"elementor-widget-wrap elementor-element-populated\">\n\t\t\t\t\t\t\t\t<div class=\"elementor-element elementor-element-a31dd35 elementor-widget elementor-widget-toggle\" data-id=\"a31dd35\" data-element_type=\"widget\" data-widget_type=\"toggle.default\">\n\t\t\t\t<div class=\"elementor-widget-container\">\n\t\t\t<style>\/*! elementor - v3.17.0 - 01-11-2023 *\/\n.elementor-toggle{text-align:left}.elementor-toggle .elementor-tab-title{font-weight:700;line-height:1;margin:0;padding:15px;border-bottom:1px solid #d5d8dc;cursor:pointer;outline:none}.elementor-toggle .elementor-tab-title .elementor-toggle-icon{display:inline-block;width:1em}.elementor-toggle .elementor-tab-title .elementor-toggle-icon svg{margin-inline-start:-5px;width:1em;height:1em}.elementor-toggle .elementor-tab-title .elementor-toggle-icon.elementor-toggle-icon-right{float:right;text-align:right}.elementor-toggle .elementor-tab-title .elementor-toggle-icon.elementor-toggle-icon-left{float:left;text-align:left}.elementor-toggle .elementor-tab-title .elementor-toggle-icon .elementor-toggle-icon-closed{display:block}.elementor-toggle .elementor-tab-title .elementor-toggle-icon .elementor-toggle-icon-opened{display:none}.elementor-toggle .elementor-tab-title.elementor-active{border-bottom:none}.elementor-toggle .elementor-tab-title.elementor-active .elementor-toggle-icon-closed{display:none}.elementor-toggle .elementor-tab-title.elementor-active .elementor-toggle-icon-opened{display:block}.elementor-toggle .elementor-tab-content{padding:15px;border-bottom:1px solid #d5d8dc;display:none}@media (max-width:767px){.elementor-toggle .elementor-tab-title{padding:12px}.elementor-toggle .elementor-tab-content{padding:12px 10px}}.e-con-inner>.elementor-widget-toggle,.e-con>.elementor-widget-toggle{width:var(--container-widget-width);--flex-grow:var(--container-widget-flex-grow)}<\/style>\t\t<div class=\"elementor-toggle\">\n\t\t\t\t\t\t\t<div class=\"elementor-toggle-item\">\n\t\t\t\t\t<div id=\"elementor-tab-title-1711\" class=\"elementor-tab-title\" data-tab=\"1\" role=\"button\" aria-controls=\"elementor-tab-content-1711\" aria-expanded=\"false\">\n\t\t\t\t\t\t\t\t\t\t\t\t<span class=\"elementor-toggle-icon elementor-toggle-icon-left\" aria-hidden=\"true\">\n\t\t\t\t\t\t\t\t\t\t\t\t\t\t\t<span class=\"elementor-toggle-icon-closed\"><i class=\"fas fa-caret-right\"><\/i><\/span>\n\t\t\t\t\t\t\t\t<span class=\"elementor-toggle-icon-opened\"><i class=\"elementor-toggle-icon-opened fas fa-caret-up\"><\/i><\/span>\n\t\t\t\t\t\t\t\t\t\t\t\t\t<\/span>\n\t\t\t\t\t\t\t\t\t\t\t\t<a class=\"elementor-toggle-title\" tabindex=\"0\">Mentions l\u00e9gales<\/a>\n\t\t\t\t\t<\/div>\n\n\t\t\t\t\t<div id=\"elementor-tab-content-1711\" class=\"elementor-tab-content elementor-clearfix\" data-tab=\"1\" role=\"region\" aria-labelledby=\"elementor-tab-title-1711\"><p><strong>H\u00e9bergement et service web OVH assure la disponibilit\u00e9 du pr\u00e9sent site internet :<\/strong><br \/>SAS au capital de 10 069 020 \u20ac<br \/>RCS Lille M\u00e9tropole 424 761 419 00045<br \/>Code APE 2620Z<br \/>N\u00b0 TVA : FR 22 424 761 419<br \/>Si\u00e8ge social : 2 rue Kellermann \u2013 59100 Roubaix \u2013 France<br \/>Site web :\u00a0<a href=\"https:\/\/www.ovh.com\/\">www.ovh.com<\/a><br \/><br \/><strong>Conception\u2028 :<br \/><\/strong>Ce site a \u00e9t\u00e9 con\u00e7u par l\u2019entreprise individuelle\u00a0<a href=\"https:\/\/www.alexisckb.re\/\">ALEXIS CKB<\/a>\u00a0sp\u00e9cialis\u00e9e dans la direction artistique et la conception de projets digitaux. Vous pouvez retrouver l\u2019ensemble des prestations propos\u00e9es par ALEXIS CKB tel que, l\u2019identit\u00e9 visuelle, le design \u00e9ditorial, le design UI, etc, sur son site :\u00a0<a href=\"https:\/\/www.alexisckb.re\/\">www.alexisckb.re<\/a>. \u2028Les images, textes et autres contenus du pr\u00e9sent du site, sauf cas contraire et mentionn\u00e9s, sont la propri\u00e9t\u00e9s de SAKIFORM ou de ses partenaires.\u2028<\/p><p><strong>Responsable \u00e9ditorial\u2028<\/strong> : Aur\u00e9lie T\u00e9cher &#8211; SAKIFORM<\/p><\/div>\n\t\t\t\t<\/div>\n\t\t\t\t\t\t\t<div class=\"elementor-toggle-item\">\n\t\t\t\t\t<div id=\"elementor-tab-title-1712\" class=\"elementor-tab-title\" data-tab=\"2\" role=\"button\" aria-controls=\"elementor-tab-content-1712\" aria-expanded=\"false\">\n\t\t\t\t\t\t\t\t\t\t\t\t<span class=\"elementor-toggle-icon elementor-toggle-icon-left\" aria-hidden=\"true\">\n\t\t\t\t\t\t\t\t\t\t\t\t\t\t\t<span class=\"elementor-toggle-icon-closed\"><i class=\"fas fa-caret-right\"><\/i><\/span>\n\t\t\t\t\t\t\t\t<span class=\"elementor-toggle-icon-opened\"><i class=\"elementor-toggle-icon-opened fas fa-caret-up\"><\/i><\/span>\n\t\t\t\t\t\t\t\t\t\t\t\t\t<\/span>\n\t\t\t\t\t\t\t\t\t\t\t\t<a class=\"elementor-toggle-title\" tabindex=\"0\">Politiques d'Utilisations et de Confidentialit\u00e9<\/a>\n\t\t\t\t\t<\/div>\n\n\t\t\t\t\t<div id=\"elementor-tab-content-1712\" class=\"elementor-tab-content elementor-clearfix\" data-tab=\"2\" role=\"region\" aria-labelledby=\"elementor-tab-title-1712\"><p><!-- wp:heading --><\/p><h5 class=\"wp-block-heading\">Commentaires<\/h5><p><!-- \/wp:heading --> <!-- wp:paragraph --><\/p><p>Quand vous laissez un commentaire sur notre site, les donn\u00e9es inscrites dans le formulaire de commentaire, ainsi que votre adresse IP et l\u2019agent utilisateur de votre navigateur sont collect\u00e9s pour nous aider \u00e0 la d\u00e9tection des commentaires ind\u00e9sirables.<\/p><p><!-- \/wp:paragraph --> <!-- wp:paragraph --><\/p><p>Une cha\u00eene anonymis\u00e9e cr\u00e9\u00e9e \u00e0 partir de votre adresse e-mail (\u00e9galement appel\u00e9e hash) peut \u00eatre envoy\u00e9e au service Gravatar pour v\u00e9rifier si vous utilisez ce dernier. Les clauses de confidentialit\u00e9 du service Gravatar sont disponibles ici\u00a0: https:\/\/automattic.com\/privacy\/. Apr\u00e8s validation de votre commentaire, votre photo de profil sera visible publiquement \u00e0 cot\u00e9 de votre commentaire.<\/p><p><!-- \/wp:paragraph --> <!-- wp:heading --><\/p><h5 class=\"wp-block-heading\">M\u00e9dias<\/h5><p><!-- \/wp:heading --> <!-- wp:paragraph --><\/p><p>Si vous t\u00e9l\u00e9versez des images sur le site, nous vous conseillons d\u2019\u00e9viter de t\u00e9l\u00e9verser des images contenant des donn\u00e9es EXIF de coordonn\u00e9es GPS. Les personnes visitant votre site peuvent t\u00e9l\u00e9charger et extraire des donn\u00e9es de localisation depuis ces images.<\/p><p><!-- \/wp:paragraph --> <!-- wp:heading --><\/p><h5 class=\"wp-block-heading\">Cookies<\/h5><p><!-- \/wp:heading --> <!-- wp:paragraph --><\/p><p>Si vous d\u00e9posez un commentaire sur notre site, il vous sera propos\u00e9 d\u2019enregistrer votre nom, adresse e-mail et site dans des cookies. C\u2019est uniquement pour votre confort afin de ne pas avoir \u00e0 saisir ces informations si vous d\u00e9posez un autre commentaire plus tard. Ces cookies expirent au bout d\u2019un an.<\/p><p><!-- \/wp:paragraph --> <!-- wp:paragraph --><\/p><p>Si vous vous rendez sur la page de connexion, un cookie temporaire sera cr\u00e9\u00e9 afin de d\u00e9terminer si votre navigateur accepte les cookies. Il ne contient pas de donn\u00e9es personnelles et sera supprim\u00e9 automatiquement \u00e0 la fermeture de votre navigateur.<\/p><p><!-- \/wp:paragraph --> <!-- wp:paragraph --><\/p><p>Lorsque vous vous connecterez, nous mettrons en place un certain nombre de cookies pour enregistrer vos informations de connexion et vos pr\u00e9f\u00e9rences d\u2019\u00e9cran. La dur\u00e9e de vie d\u2019un cookie de connexion est de deux jours, celle d\u2019un cookie d\u2019option d\u2019\u00e9cran est d\u2019un an. Si vous cochez \u00ab\u00a0Se souvenir de moi\u00a0\u00bb, votre cookie de connexion sera conserv\u00e9 pendant deux semaines. Si vous vous d\u00e9connectez de votre compte, le cookie de connexion sera effac\u00e9.<\/p><p><!-- \/wp:paragraph --> <!-- wp:paragraph --><\/p><p>En modifiant ou en publiant une publication, un cookie suppl\u00e9mentaire sera enregistr\u00e9 dans votre navigateur. Ce cookie ne comprend aucune donn\u00e9e personnelle. Il indique simplement l\u2019ID de la publication que vous venez de modifier. Il expire au bout d\u2019un jour.<\/p><p><!-- \/wp:paragraph --> <!-- wp:heading --><\/p><h5 class=\"wp-block-heading\">Contenu embarqu\u00e9 depuis d\u2019autres sites<\/h5><p><!-- \/wp:heading --> <!-- wp:paragraph --><\/p><p>Les articles de ce site peuvent inclure des contenus int\u00e9gr\u00e9s (par exemple des vid\u00e9os, images, articles\u2026). Le contenu int\u00e9gr\u00e9 depuis d\u2019autres sites se comporte de la m\u00eame mani\u00e8re que si le visiteur se rendait sur cet autre site.<\/p><p><!-- \/wp:paragraph --> <!-- wp:paragraph --><\/p><p>Ces sites web pourraient collecter des donn\u00e9es sur vous, utiliser des cookies, embarquer des outils de suivis tiers, suivre vos interactions avec ces contenus embarqu\u00e9s si vous disposez d\u2019un compte connect\u00e9 sur leur site web.<\/p><p><!-- \/wp:paragraph --> <!-- wp:heading --><\/p><h5 class=\"wp-block-heading\">Utilisation et transmission de vos donn\u00e9es personnelles<\/h5><p><!-- \/wp:heading --> <!-- wp:paragraph --><\/p><p>Si vous demandez une r\u00e9initialisation de votre mot de passe, votre adresse IP sera incluse dans l\u2019e-mail de r\u00e9initialisation.<\/p><p><!-- \/wp:paragraph --> <!-- wp:heading --><\/p><h5 class=\"wp-block-heading\">Dur\u00e9es de stockage de vos donn\u00e9es<\/h5><p><!-- \/wp:heading --> <!-- wp:paragraph --><\/p><p>Si vous laissez un commentaire, le commentaire et ses m\u00e9tadonn\u00e9es sont conserv\u00e9s ind\u00e9finiment. Cela permet de reconna\u00eetre et approuver automatiquement les commentaires suivants au lieu de les laisser dans la file de mod\u00e9ration.<\/p><p><!-- \/wp:paragraph --> <!-- wp:paragraph --><\/p><p>Pour les comptes qui s\u2019inscrivent sur notre site (le cas \u00e9ch\u00e9ant), nous stockons \u00e9galement les donn\u00e9es personnelles indiqu\u00e9es dans leur profil. Tous les comptes peuvent voir, modifier ou supprimer leurs informations personnelles \u00e0 tout moment (\u00e0 l\u2019exception de leur identifiant). Les gestionnaires du site peuvent aussi voir et modifier ces informations.<\/p><p><!-- \/wp:paragraph --> <!-- wp:heading --><\/p><h5 class=\"wp-block-heading\">Les droits que vous avez sur vos donn\u00e9es<\/h5><p><!-- \/wp:heading --> <!-- wp:paragraph --><\/p><p>Si vous avez un compte ou si vous avez laiss\u00e9 des commentaires sur le site, vous pouvez demander \u00e0 recevoir un fichier contenant toutes les donn\u00e9es personnelles que nous poss\u00e9dons \u00e0 votre sujet, incluant celles que vous nous avez fournies. Vous pouvez \u00e9galement demander la suppression des donn\u00e9es personnelles vous concernant. Cela ne prend pas en compte les donn\u00e9es stock\u00e9es \u00e0 des fins administratives, l\u00e9gales ou pour des raisons de s\u00e9curit\u00e9.<\/p><p><!-- \/wp:paragraph --> <!-- wp:heading --><\/p><h5 class=\"wp-block-heading\">Transmission de vos donn\u00e9es personnelles<\/h5><p><!-- \/wp:heading --> <!-- wp:paragraph --><\/p><p>Les commentaires des visiteurs peuvent \u00eatre v\u00e9rifi\u00e9s \u00e0 l\u2019aide d\u2019un service automatis\u00e9 de d\u00e9tection des commentaires ind\u00e9sirables.<\/p><p><!-- \/wp:paragraph --><\/p><\/div>\n\t\t\t\t<\/div>\n\t\t\t\t\t\t\t\t<\/div>\n\t\t\t\t<\/div>\n\t\t\t\t<\/div>\n\t\t\t\t<div class=\"elementor-element elementor-element-c216599 elementor-widget elementor-widget-text-editor\" data-id=\"c216599\" data-element_type=\"widget\" data-widget_type=\"text-editor.default\">\n\t\t\t\t<div class=\"elementor-widget-container\">\n\t\t\t<style>\/*! elementor - v3.17.0 - 01-11-2023 *\/\n.elementor-widget-text-editor.elementor-drop-cap-view-stacked .elementor-drop-cap{background-color:#69727d;color:#fff}.elementor-widget-text-editor.elementor-drop-cap-view-framed .elementor-drop-cap{color:#69727d;border:3px solid;background-color:transparent}.elementor-widget-text-editor:not(.elementor-drop-cap-view-default) .elementor-drop-cap{margin-top:8px}.elementor-widget-text-editor:not(.elementor-drop-cap-view-default) .elementor-drop-cap-letter{width:1em;height:1em}.elementor-widget-text-editor .elementor-drop-cap{float:left;text-align:center;line-height:1;font-size:50px}.elementor-widget-text-editor .elementor-drop-cap-letter{display:inline-block}<\/style>\t\t\t\t<p>La cr\u00e9ation de ce site web a \u00e9t\u00e9 financ\u00e9 \u00e0 l\u2019aide du FEDER (REACT-UE) dans le cadre de la r\u00e9ponse de l\u2019Union europ\u00e9enne \u00e0 la pand\u00e9mie COVID-19. L\u2019Europe s\u2019engage \u00e0 La R\u00e9union<\/p>\t\t\t\t\t\t<\/div>\n\t\t\t\t<\/div>\n\t\t\t\t\t<\/div>\n\t\t<\/div>\n\t\t\t\t\t\t\t<\/div>\n\t\t<\/section>\n\t\t\t\t<section class=\"elementor-section elementor-top-section elementor-element elementor-element-958476e elementor-section-boxed elementor-section-height-default elementor-section-height-default\" data-id=\"958476e\" data-element_type=\"section\">\n\t\t\t\t\t\t<div class=\"elementor-container elementor-column-gap-default\">\n\t\t\t\t\t<div class=\"elementor-column elementor-col-50 elementor-top-column elementor-element elementor-element-ad2991c\" data-id=\"ad2991c\" data-element_type=\"column\">\n\t\t\t<div class=\"elementor-widget-wrap elementor-element-populated\">\n\t\t\t\t\t\t\t\t<div class=\"elementor-element elementor-element-3c7401b elementor-widget elementor-widget-image\" data-id=\"3c7401b\" data-element_type=\"widget\" data-widget_type=\"image.default\">\n\t\t\t\t<div class=\"elementor-widget-container\">\n\t\t\t<style>\/*! elementor - v3.17.0 - 01-11-2023 *\/\n.elementor-widget-image{text-align:center}.elementor-widget-image a{display:inline-block}.elementor-widget-image a img[src$=\".svg\"]{width:48px}.elementor-widget-image img{vertical-align:middle;display:inline-block}<\/style>\t\t\t\t\t\t\t\t\t\t\t\t<img loading=\"lazy\" decoding=\"async\" width=\"400\" height=\"200\" src=\"https:\/\/sakiform.re\/wp-content\/uploads\/2023\/08\/logo-region-reunion.png\" class=\"attachment-large size-large wp-image-37\" alt=\"\" srcset=\"https:\/\/sakiform.re\/wp-content\/uploads\/2023\/08\/logo-region-reunion.png 400w, https:\/\/sakiform.re\/wp-content\/uploads\/2023\/08\/logo-region-reunion-300x150.png 300w\" sizes=\"auto, (max-width: 400px) 100vw, 400px\" \/>\t\t\t\t\t\t\t\t\t\t\t\t\t\t\t<\/div>\n\t\t\t\t<\/div>\n\t\t\t\t\t<\/div>\n\t\t<\/div>\n\t\t\t\t<div class=\"elementor-column elementor-col-50 elementor-top-column elementor-element elementor-element-b1b1a0a\" data-id=\"b1b1a0a\" data-element_type=\"column\">\n\t\t\t<div class=\"elementor-widget-wrap elementor-element-populated\">\n\t\t\t\t\t\t\t\t<div class=\"elementor-element elementor-element-7fb6545 elementor-widget elementor-widget-image\" data-id=\"7fb6545\" data-element_type=\"widget\" data-widget_type=\"image.default\">\n\t\t\t\t<div class=\"elementor-widget-container\">\n\t\t\t\t\t\t\t\t\t\t\t\t\t\t\t<img decoding=\"async\" src=\"https:\/\/sakiform.re\/wp-content\/uploads\/elementor\/thumbs\/LOGO_EUROPE_ENGAGE_REUNION_COULEUR-qb8agfop063dsvc5ups0bnlduj9jbfbony2co6x5hc.jpg\" title=\"LOGO_EUROPE_ENGAGE_REUNION_COULEUR\" alt=\"LOGO_EUROPE_ENGAGE_REUNION_COULEUR\" loading=\"lazy\" \/>\t\t\t\t\t\t\t\t\t\t\t\t\t\t\t<\/div>\n\t\t\t\t<\/div>\n\t\t\t\t\t<\/div>\n\t\t<\/div>\n\t\t\t\t\t\t\t<\/div>\n\t\t<\/section>\n\t\t\t\t\t\t\t<\/div>\n\t\t","protected":false},"excerpt":{"rendered":"<p>Mentions et Politiques Mentions l\u00e9gales H\u00e9bergement et service web OVH assure la disponibilit\u00e9 du pr\u00e9sent site internet :SAS au capital de 10 069 020 \u20acRCS Lille M\u00e9tropole 424 761 419 00045Code APE 2620ZN\u00b0 TVA : FR 22 424 761 419Si\u00e8ge social : 2 rue Kellermann \u2013 59100 Roubaix \u2013 FranceSite web :\u00a0www.ovh.com Conception\u2028 :Ce site&#8230;<\/p>\n","protected":false},"author":2,"featured_media":0,"parent":0,"menu_order":0,"comment_status":"closed","ping_status":"closed","template":"","meta":{"_kad_post_transparent":"","_kad_post_title":"hide","_kad_post_layout":"fullwidth","_kad_post_sidebar_id":"","_kad_post_content_style":"unboxed","_kad_post_vertical_padding":"hide","_kad_post_feature":"hide","_kad_post_feature_position":"","_kad_post_header":false,"_kad_post_footer":false,"footnotes":""},"class_list":["post-26","page","type-page","status-publish","hentry"],"yoast_head":"<!-- This site is optimized with the Yoast SEO plugin v21.5 - https:\/\/yoast.com\/wordpress\/plugins\/seo\/ -->\n<title>Mentions L\u00e9gales - SAKIFORM<\/title>\n<meta name=\"robots\" content=\"index, follow, max-snippet:-1, max-image-preview:large, max-video-preview:-1\" \/>\n<link rel=\"canonical\" href=\"https:\/\/sakiform.re\/index.php\/mentions-legales\/\" \/>\n<meta property=\"og:locale\" content=\"fr_FR\" \/>\n<meta property=\"og:type\" content=\"article\" \/>\n<meta property=\"og:title\" content=\"Mentions L\u00e9gales - SAKIFORM\" \/>\n<meta property=\"og:description\" content=\"Mentions et Politiques Mentions l\u00e9gales H\u00e9bergement et service web OVH assure la disponibilit\u00e9 du pr\u00e9sent site internet :SAS au capital de 10 069 020 \u20acRCS Lille M\u00e9tropole 424 761 419 00045Code APE 2620ZN\u00b0 TVA : FR 22 424 761 419Si\u00e8ge social : 2 rue Kellermann \u2013 59100 Roubaix \u2013 FranceSite web :\u00a0www.ovh.com Conception\u2028 :Ce site...\" \/>\n<meta property=\"og:url\" content=\"https:\/\/sakiform.re\/index.php\/mentions-legales\/\" \/>\n<meta property=\"og:site_name\" content=\"SAKIFORM\" \/>\n<meta property=\"article:modified_time\" content=\"2023-08-25T09:52:20+00:00\" \/>\n<meta property=\"og:image\" content=\"https:\/\/sakiform.re\/wp-content\/uploads\/2023\/08\/logo-region-reunion.png\" \/>\n<meta name=\"twitter:card\" content=\"summary_large_image\" \/>\n<meta name=\"twitter:label1\" content=\"Dur\u00e9e de lecture estim\u00e9e\" \/>\n\t<meta name=\"twitter:data1\" content=\"5 minutes\" \/>\n<script type=\"application\/ld+json\" class=\"yoast-schema-graph\">{\"@context\":\"https:\/\/schema.org\",\"@graph\":[{\"@type\":\"WebPage\",\"@id\":\"https:\/\/sakiform.re\/index.php\/mentions-legales\/\",\"url\":\"https:\/\/sakiform.re\/index.php\/mentions-legales\/\",\"name\":\"Mentions L\u00e9gales - SAKIFORM\",\"isPartOf\":{\"@id\":\"https:\/\/sakiform.re\/#website\"},\"datePublished\":\"2023-06-29T11:33:00+00:00\",\"dateModified\":\"2023-08-25T09:52:20+00:00\",\"breadcrumb\":{\"@id\":\"https:\/\/sakiform.re\/index.php\/mentions-legales\/#breadcrumb\"},\"inLanguage\":\"fr-FR\",\"potentialAction\":[{\"@type\":\"ReadAction\",\"target\":[\"https:\/\/sakiform.re\/index.php\/mentions-legales\/\"]}]},{\"@type\":\"BreadcrumbList\",\"@id\":\"https:\/\/sakiform.re\/index.php\/mentions-legales\/#breadcrumb\",\"itemListElement\":[{\"@type\":\"ListItem\",\"position\":1,\"name\":\"Accueil\",\"item\":\"https:\/\/sakiform.re\/\"},{\"@type\":\"ListItem\",\"position\":2,\"name\":\"Mentions L\u00e9gales\"}]},{\"@type\":\"WebSite\",\"@id\":\"https:\/\/sakiform.re\/#website\",\"url\":\"https:\/\/sakiform.re\/\",\"name\":\"SAKIFORM\",\"description\":\"Quand le leadership se met en forme\",\"publisher\":{\"@id\":\"https:\/\/sakiform.re\/#organization\"},\"potentialAction\":[{\"@type\":\"SearchAction\",\"target\":{\"@type\":\"EntryPoint\",\"urlTemplate\":\"https:\/\/sakiform.re\/?s={search_term_string}\"},\"query-input\":\"required name=search_term_string\"}],\"inLanguage\":\"fr-FR\"},{\"@type\":\"Organization\",\"@id\":\"https:\/\/sakiform.re\/#organization\",\"name\":\"SAKIFORM\",\"url\":\"https:\/\/sakiform.re\/\",\"logo\":{\"@type\":\"ImageObject\",\"inLanguage\":\"fr-FR\",\"@id\":\"https:\/\/sakiform.re\/#\/schema\/logo\/image\/\",\"url\":\"https:\/\/sakiform.re\/wp-content\/uploads\/2023\/08\/logo.png\",\"contentUrl\":\"https:\/\/sakiform.re\/wp-content\/uploads\/2023\/08\/logo.png\",\"width\":1555,\"height\":189,\"caption\":\"SAKIFORM\"},\"image\":{\"@id\":\"https:\/\/sakiform.re\/#\/schema\/logo\/image\/\"}}]}<\/script>\n<!-- \/ Yoast SEO plugin. -->","yoast_head_json":{"title":"Mentions L\u00e9gales - SAKIFORM","robots":{"index":"index","follow":"follow","max-snippet":"max-snippet:-1","max-image-preview":"max-image-preview:large","max-video-preview":"max-video-preview:-1"},"canonical":"https:\/\/sakiform.re\/index.php\/mentions-legales\/","og_locale":"fr_FR","og_type":"article","og_title":"Mentions L\u00e9gales - SAKIFORM","og_description":"Mentions et Politiques Mentions l\u00e9gales H\u00e9bergement et service web OVH assure la disponibilit\u00e9 du pr\u00e9sent site internet :SAS au capital de 10 069 020 \u20acRCS Lille M\u00e9tropole 424 761 419 00045Code APE 2620ZN\u00b0 TVA : FR 22 424 761 419Si\u00e8ge social : 2 rue Kellermann \u2013 59100 Roubaix \u2013 FranceSite web :\u00a0www.ovh.com Conception\u2028 :Ce site...","og_url":"https:\/\/sakiform.re\/index.php\/mentions-legales\/","og_site_name":"SAKIFORM","article_modified_time":"2023-08-25T09:52:20+00:00","og_image":[{"url":"https:\/\/sakiform.re\/wp-content\/uploads\/2023\/08\/logo-region-reunion.png"}],"twitter_card":"summary_large_image","twitter_misc":{"Dur\u00e9e de lecture estim\u00e9e":"5 minutes"},"schema":{"@context":"https:\/\/schema.org","@graph":[{"@type":"WebPage","@id":"https:\/\/sakiform.re\/index.php\/mentions-legales\/","url":"https:\/\/sakiform.re\/index.php\/mentions-legales\/","name":"Mentions L\u00e9gales - SAKIFORM","isPartOf":{"@id":"https:\/\/sakiform.re\/#website"},"datePublished":"2023-06-29T11:33:00+00:00","dateModified":"2023-08-25T09:52:20+00:00","breadcrumb":{"@id":"https:\/\/sakiform.re\/index.php\/mentions-legales\/#breadcrumb"},"inLanguage":"fr-FR","potentialAction":[{"@type":"ReadAction","target":["https:\/\/sakiform.re\/index.php\/mentions-legales\/"]}]},{"@type":"BreadcrumbList","@id":"https:\/\/sakiform.re\/index.php\/mentions-legales\/#breadcrumb","itemListElement":[{"@type":"ListItem","position":1,"name":"Accueil","item":"https:\/\/sakiform.re\/"},{"@type":"ListItem","position":2,"name":"Mentions L\u00e9gales"}]},{"@type":"WebSite","@id":"https:\/\/sakiform.re\/#website","url":"https:\/\/sakiform.re\/","name":"SAKIFORM","description":"Quand le leadership se met en forme","publisher":{"@id":"https:\/\/sakiform.re\/#organization"},"potentialAction":[{"@type":"SearchAction","target":{"@type":"EntryPoint","urlTemplate":"https:\/\/sakiform.re\/?s={search_term_string}"},"query-input":"required name=search_term_string"}],"inLanguage":"fr-FR"},{"@type":"Organization","@id":"https:\/\/sakiform.re\/#organization","name":"SAKIFORM","url":"https:\/\/sakiform.re\/","logo":{"@type":"ImageObject","inLanguage":"fr-FR","@id":"https:\/\/sakiform.re\/#\/schema\/logo\/image\/","url":"https:\/\/sakiform.re\/wp-content\/uploads\/2023\/08\/logo.png","contentUrl":"https:\/\/sakiform.re\/wp-content\/uploads\/2023\/08\/logo.png","width":1555,"height":189,"caption":"SAKIFORM"},"image":{"@id":"https:\/\/sakiform.re\/#\/schema\/logo\/image\/"}}]}},"_links":{"self":[{"href":"https:\/\/sakiform.re\/index.php\/wp-json\/wp\/v2\/pages\/26","targetHints":{"allow":["GET"]}}],"collection":[{"href":"https:\/\/sakiform.re\/index.php\/wp-json\/wp\/v2\/pages"}],"about":[{"href":"https:\/\/sakiform.re\/index.php\/wp-json\/wp\/v2\/types\/page"}],"author":[{"embeddable":true,"href":"https:\/\/sakiform.re\/index.php\/wp-json\/wp\/v2\/users\/2"}],"replies":[{"embeddable":true,"href":"https:\/\/sakiform.re\/index.php\/wp-json\/wp\/v2\/comments?post=26"}],"version-history":[{"count":19,"href":"https:\/\/sakiform.re\/index.php\/wp-json\/wp\/v2\/pages\/26\/revisions"}],"predecessor-version":[{"id":429,"href":"https:\/\/sakiform.re\/index.php\/wp-json\/wp\/v2\/pages\/26\/revisions\/429"}],"wp:attachment":[{"href":"https:\/\/sakiform.re\/index.php\/wp-json\/wp\/v2\/media?parent=26"}],"curies":[{"name":"wp","href":"https:\/\/api.w.org\/{rel}","templated":true}]}}